{"id":3,"date":"2024-02-08T07:45:32","date_gmt":"2024-02-08T07:45:32","guid":{"rendered":"https:\/\/nuovo.moruzzigroup.it\/?page_id=3"},"modified":"2024-04-23T09:51:36","modified_gmt":"2024-04-23T09:51:36","slug":"informativa-privacy","status":"publish","type":"page","link":"https:\/\/www.moruzzigroup.it\/en\/informativa-privacy\/","title":{"rendered":"Privacy Policy"},"content":{"rendered":"<h1>Informativa Privacy<\/h1>\n<div>\n<p>Informativa ex &#8211; Articolo 13 del Decreto Lgs. 30 Giugno 2003, n. 196 (Codice Privacy)<\/p>\n<h2>Informativa circa il trattamento dati<\/h2>\n<div class=\"p0\">Questa informativa ha come scopo quello di descrivere tutte le modalit\u00e0 di trattamento e di gestione del presente sito web, con riguardo particolare al trattamento e gestione dei dati dei visitatori dello stesso sito.<\/div>\n<div class=\"p1\">Questa stessa informativa \u00e8 valida anche per quanto riguarda le normative descritte dall&#8217;Articolo 13 del Decreto Legislativo n. 196\/2003 \u201cCodice protezione dati personali\u201d, a utenti e visitatori che accedono al sito www.moruzzigroup.it<\/div>\n<h2>Tipologia dei dati trattati e scopo del loro trattamento<\/h2>\n<ol type=\"1\">\n<li><b>Dati relativi alla navigazione<\/b><br \/>\nI nostri sistemi informatici responsabili del funzionamento e diffusione dei contenuti del nostro sito possono raccogliere, nel comune esercizio delle loro funzioni, alcuni dati che possono poi essere trasmessi causa utilizzo dei protocolli, regole e software di comunicazione comuni su Internet, in forma del tutto anonima. Si tratta comunque di informazioni che, per loro particolare natura, potrebbero, tramite alcune associazioni, collegamenti ed elaborazioni con altri dati posseduti da terzi, consentire l&#8217;identificazione degli utenti e dei visitatori del sito (ad esempio: indirizzo IP, nome a dominio dei personal computer utilizzati dai visitatori e utenti che si connettono a questo sito, ecc.). Questi dati, in forma del tutto anonima, potrebbero essere utilizzati unicamente per rilievi statistici e per verificare il corretto e costante funzionamento del sito; possono essere conservati fino a 6 mesi e successivamente vengono distrutti.<\/li>\n<li><b>Dati forniti esplicitamente e volontariamente dai vistatori ed utenti per usufruire dei servizi offerti<\/b><br \/>\nQualora i visitatori o gli utenti, durante la navigazione su questo sito, immettano volontariamente nel sito i propri dati e informazioni, contenuti, messaggi, richieste, articoli, foto e, annunci, l&#8217;invio stesso di tali dati comporta la loro acquisizione da parte di www.moruzzigroup.it e l&#8217;acquisizione da parte del titolare del sito dell&#8217;indirizzo email e dell&#8217;indirizzo IP del mittente.<\/li>\n<\/ol>\n<h2>Modalit\u00e0 di trattamento dei dati<\/h2>\n<div class=\"p0\">Il trattamento dei dati viene espletato con ausilio di alcuni strumenti e procedure automatizzate (ad es. elaboratori e infrastrutture elettroniche) o manualmente (es. su supporto cartaceo) solo per il tempo strettamente necessario a conseguire gli scopi per i quali i dati sono stati raccolti e comunque in conformit\u00e0 alle disposizioni normative vigenti che regolano il trattamento di tali dati.<\/div>\n<h2>Il conferimento di dati personali \u00e8 facoltativo<\/h2>\n<div class=\"p1\">A parte quanto finora specificato per quello che riguarda i dati di navigazione, gli utenti e visitatori sono comunque liberi di fornire o di non fornire i propri dati al titolare del trattamento. Il mancato conferimento di tali dati pu\u00f2 per\u00f2 comportare l&#8217;impossibilit\u00e0 di inviare informazioni, contenuti, i messaggi, gli articoli, e gli annunci del Sito.<\/div>\n<h2>Titolare e Responsabili del Trattamento<\/h2>\n<div class=\"p0\">Il Titolare e Responsabile del trattamento dei dati raccolti \u00e8 MoruzziGroup, nella persona del legale rappresentante Moruzzi Deluca, con sede legale e direzione in G.P. 6162 &#8211; Via Gemignani &#8211; 50127 Firenze (FI), Italy.<\/div>\n<h2>Diritti degli interessati<\/h2>\n<div class=\"p1\">I soggetti dei quali si effettua il trattamento dei dati personali hanno il diritto, in qualsiasi momento, di ottenere &#8211; previa richiesta scritta &#8211; la conferma della esistenza o della non esistenza dei medesimi dati, e di conoscere il loro contenuto nonch\u00e9 la loro origine, verificare la loro esattezza o di chiederne integrazione o correzione (Art. 7 del D.Lgs 196\/03).<\/div>\n<\/div>","protected":false},"excerpt":{"rendered":"<p>Informativa Privacy Informativa ex &#8211; Articolo 13 del Decreto Lgs. 30 Giugno 2003, n. 196 (Codice Privacy) Informativa circa il trattamento dati Questa informativa ha come scopo quello di descrivere&#8230;<\/p>","protected":false},"author":1,"featured_media":0,"parent":0,"menu_order":0,"comment_status":"closed","ping_status":"closed","template":"","meta":{"footnotes":""},"class_list":["post-3","page","type-page","status-publish"],"_links":{"self":[{"href":"https:\/\/www.moruzzigroup.it\/en\/wp-json\/wp\/v2\/pages\/3","targetHints":{"allow":["GET"]}}],"collection":[{"href":"https:\/\/www.moruzzigroup.it\/en\/wp-json\/wp\/v2\/pages"}],"about":[{"href":"https:\/\/www.moruzzigroup.it\/en\/wp-json\/wp\/v2\/types\/page"}],"author":[{"embeddable":true,"href":"https:\/\/www.moruzzigroup.it\/en\/wp-json\/wp\/v2\/users\/1"}],"replies":[{"embeddable":true,"href":"https:\/\/www.moruzzigroup.it\/en\/wp-json\/wp\/v2\/comments?post=3"}],"version-history":[{"count":2,"href":"https:\/\/www.moruzzigroup.it\/en\/wp-json\/wp\/v2\/pages\/3\/revisions"}],"predecessor-version":[{"id":1327,"href":"https:\/\/www.moruzzigroup.it\/en\/wp-json\/wp\/v2\/pages\/3\/revisions\/1327"}],"wp:attachment":[{"href":"https:\/\/www.moruzzigroup.it\/en\/wp-json\/wp\/v2\/media?parent=3"}],"curies":[{"name":"wp","href":"https:\/\/api.w.org\/{rel}","templated":true}]}}