{"id":1257,"date":"2024-04-15T09:28:26","date_gmt":"2024-04-15T09:28:26","guid":{"rendered":"https:\/\/nuovo.moruzzigroup.it\/?page_id=1257"},"modified":"2024-04-23T09:49:45","modified_gmt":"2024-04-23T09:49:45","slug":"land-park","status":"publish","type":"page","link":"https:\/\/www.moruzzigroup.it\/en\/land-park\/","title":{"rendered":"Land Park"},"content":{"rendered":"<div id=\"fws_69f0891e442b3\"  data-column-margin=\"none\" data-midnight=\"dark\"  class=\"wpb_row vc_row-fluid vc_row full-width-content vc_row-o-equal-height vc_row-flex vc_row-o-content-top\"  style=\"padding-top: 0px; padding-bottom: 0px; \"><div class=\"row-bg-wrap\" data-bg-animation=\"zoom-out\" data-bg-animation-delay=\"\" data-bg-overlay=\"false\"><div class=\"inner-wrap row-bg-layer\" ><div class=\"row-bg viewport-desktop\"  style=\"\"><\/div><\/div><\/div><div class=\"row_col_wrap_12 col span_12 dark left\">\n\t<div  class=\"vc_col-sm-12 wpb_column column_container vc_column_container col no-extra-padding force-phone-text-align-center el_spacing_0px inherit_tablet inherit_phone\"  data-padding-pos=\"all\" data-has-bg-color=\"false\" data-bg-color=\"\" data-bg-opacity=\"1\" data-animation=\"\" data-delay=\"0\" >\n\t\t<div class=\"vc_column-inner\" >\n\t\t\t<div class=\"wpb_wrapper\">\n\t\t\t\t<div id=\"fws_69f0891e44b7b\" data-midnight=\"\" data-column-margin=\"default\" class=\"wpb_row vc_row-fluid vc_row inner_row\"  style=\" z-index: 20;\"><div class=\"row-bg-wrap\"> <div class=\"row-bg\" ><\/div> <\/div><div class=\"row_col_wrap_12_inner col span_12  left\">\n\t<div style=\" color: #000000;\" class=\"vc_col-sm-12 wpb_column column_container vc_column_container col child_column centered-text el_spacing_0px left_padding_desktop_10pct top_padding_desktop_6pct right_padding_desktop_10pct bottom_padding_desktop_6pct\" data-cfc=\"true\" data-using-bg=\"true\" data-border-radius=\"15px\" data-bg-cover=\"true\" data-overlay-color=\"true\" data-padding-pos=\"all\" data-has-bg-color=\"false\" data-bg-color=\"\" data-bg-opacity=\"1\" data-animation=\"\" data-delay=\"0\" >\n\t\t<div class=\"vc_column-inner\" ><div class=\"column-image-bg-wrap column-bg-layer viewport-desktop\" data-n-parallax-bg=\"true\" data-parallax-speed=\"fast\" data-bg-pos=\"center center\" data-bg-animation=\"none\" data-bg-overlay=\"false\"><div class=\"inner-wrap\"><div class=\"column-image-bg parallax-layer\" style=\"background-image: url(https:\/\/themenectar.com\/img\/demo-media\/unsplash\/mullti-gradient-large.webp); \"><\/div><\/div><\/div><div class=\"column-bg-overlay-wrap column-bg-layer\" data-bg-animation=\"none\"><div class=\"column-bg-overlay\"><\/div><div class=\"column-overlay-layer\" style=\"background:linear-gradient(0deg, rgba(243,243,243,0) 19%, rgb(255,255,255) 100%);\"><\/div><\/div>\n\t\t<div class=\"wpb_wrapper\">\n\t\t\t<div class=\"divider-wrap\" data-alignment=\"default\"><div style=\"height: 18vh;\" class=\"divider\"><\/div><\/div><div class=\"nectar-split-heading  font_size_tablet_6vw\" data-align=\"default\" data-m-align=\"inherit\" data-text-effect=\"none\" data-animation-type=\"line-reveal-by-space\" data-animation-delay=\"0\" data-animation-offset=\"\" data-m-rm-animation=\"\" data-stagger=\"\" data-custom-font-size=\"false\" ><h1 >Benvenuti al Land Park<\/h1><\/div><div class=\"nectar-split-heading  font_size_tablet_6vw\" data-align=\"default\" data-m-align=\"inherit\" data-text-effect=\"none\" data-animation-type=\"line-reveal-by-space\" data-animation-delay=\"0\" data-animation-offset=\"\" data-m-rm-animation=\"\" data-stagger=\"\" data-custom-font-size=\"false\" ><h2 style=\"max-width: 650px;\">Un'oasi di divertimento e natura a Marina di Massa!<\/h2><\/div><div class=\"divider-wrap\" data-alignment=\"default\"><div style=\"height: 10vh;\" class=\"divider\"><\/div><\/div>\n\t\t<\/div> \n\t<\/div>\n\t<\/div> \n<\/div><\/div>\n\t\t\t<\/div> \n\t\t<\/div>\n\t<\/div> \n<\/div><\/div>\n\t\t<div id=\"fws_69f0891e458fc\"  data-column-margin=\"90px\" data-midnight=\"dark\" data-top-percent=\"6%\" data-bottom-percent=\"3%\"  class=\"wpb_row vc_row-fluid vc_row vc_row-o-equal-height vc_row-flex vc_row-o-content-middle\"  style=\"padding-top: calc(100vw * 0.06); padding-bottom: calc(100vw * 0.03); \"><div class=\"row-bg-wrap\" data-bg-animation=\"none\" data-bg-animation-delay=\"\" data-bg-overlay=\"false\"><div class=\"inner-wrap row-bg-layer\" ><div class=\"row-bg viewport-desktop\"  style=\"\"><\/div><\/div><\/div><div class=\"row_col_wrap_12 col span_12 dark left\">\n\t<div  class=\"vc_col-sm-6 wpb_column column_container vc_column_container col padding-2-percent inherit_tablet inherit_phone\"  data-padding-pos=\"top-bottom\" data-has-bg-color=\"false\" data-bg-color=\"\" data-bg-opacity=\"1\" data-animation=\"\" data-delay=\"0\" >\n\t\t<div class=\"vc_column-inner\" >\n\t\t\t<div class=\"wpb_wrapper\">\n\t\t\t\t<div class=\"nectar-split-heading\" data-align=\"default\" data-m-align=\"inherit\" data-text-effect=\"default\" data-animation-type=\"line-reveal-by-space\" data-animation-delay=\"0\" data-animation-offset=\"\" data-m-rm-animation=\"\" data-stagger=\"\" data-custom-font-size=\"false\" ><h2 style=\"max-width: 500px;\">Una Nuova Avventura<\/h2><\/div><div id=\"fws_69f0891e45fc7\" data-midnight=\"\" data-column-margin=\"default\" class=\"wpb_row vc_row-fluid vc_row inner_row\"  style=\"padding-top: 20px; \"><div class=\"row-bg-wrap\"> <div class=\"row-bg\" ><\/div> <\/div><div class=\"row_col_wrap_12_inner col span_12  left\">\n\t<div  class=\"vc_col-sm-12 wpb_column column_container vc_column_container col child_column has-animation no-extra-padding inherit_tablet inherit_phone\"   data-padding-pos=\"all\" data-has-bg-color=\"false\" data-bg-color=\"\" data-bg-opacity=\"1\" data-animation=\"fade-in-from-bottom\" data-delay=\"0\" >\n\t\t<div class=\"vc_column-inner\" >\n\t\t<div class=\"wpb_wrapper\">\n\t\t\t\n<div class=\"wpb_text_column wpb_content_element\" >\n\t<div class=\"wpb_wrapper\">\n\t\t<p>Il <strong>Gruppo Moruzzi ha intrapreso una nuova avventura<\/strong>, acquistando la terra dell&#8217;ex Parco dei Conigli a Marina di Massa e trasformandola in una destinazione di divertimento e relax per tutta la famiglia. Con una visione audace e un impegno per la comunit\u00e0 locale, il <strong>Land Park<\/strong> \u00e8 nato per dare nuova vita a questa area, offrendo un luogo dove le famiglie possono passeggiare, divertirsi sulle giostre e immergersi nella bellezza della natura.<\/p>\n<p>Con una vasta estensione di oltre <strong>16.000 metri quadrati di verde<\/strong>, il Land Park \u00e8 un polmone verde nel cuore di Marina di Massa. Negli ultimi tre anni, il gruppo Moruzzi ha piantato oltre<strong> 100 alberi di pino<\/strong>, contribuendo a creare un ambiente rigoglioso e accogliente per i visitatori di tutte le et\u00e0.<\/p>\n\t<\/div>\n<\/div>\n\n\n\n\n\t\t<\/div> \n\t<\/div>\n\t<\/div> \n<\/div><\/div>\n\t\t\t<\/div> \n\t\t<\/div>\n\t<\/div> \n\n\t<div style=\"\" class=\"vc_col-sm-6 wpb_column column_container vc_column_container col padding-5-percent inherit_tablet inherit_phone\" data-using-bg=\"true\" data-bg-cover=\"true\" data-padding-pos=\"all\" data-has-bg-color=\"false\" data-bg-color=\"\" data-bg-opacity=\"1\" data-animation=\"\" data-delay=\"0\" >\n\t\t<div class=\"vc_column-inner\" ><div class=\"column-image-bg-wrap column-bg-layer viewport-desktop\" data-bg-pos=\"center center\" data-bg-animation=\"zoom-out-reveal\" data-bg-overlay=\"false\"><div class=\"inner-wrap\"><div class=\"column-image-bg\" style=\" background-image: url('https:\/\/www.moruzzigroup.it\/wp-content\/uploads\/2024\/04\/land-park-moruzzi1.jpg'); \"><\/div><\/div><\/div>\n\t\t\t<div class=\"wpb_wrapper\">\n\t\t\t\t<div class=\"divider-wrap\" data-alignment=\"default\"><div style=\"height: 300px;\" class=\"divider\"><\/div><\/div>\n\t\t\t<\/div> \n\t\t<\/div>\n\t<\/div> \n<\/div><\/div>\n\t\t<div id=\"fws_69f0891e4c8dc\"  data-column-margin=\"90px\" data-midnight=\"dark\" data-top-percent=\"3%\" data-bottom-percent=\"3%\"  class=\"wpb_row vc_row-fluid vc_row vc_row-o-equal-height vc_row-flex vc_row-o-content-middle\"  style=\"padding-top: calc(100vw * 0.03); padding-bottom: calc(100vw * 0.03); \"><div class=\"row-bg-wrap\" data-bg-animation=\"none\" data-bg-animation-delay=\"\" data-bg-overlay=\"false\"><div class=\"inner-wrap row-bg-layer\" ><div class=\"row-bg viewport-desktop\"  style=\"\"><\/div><\/div><\/div><div class=\"row_col_wrap_12 col span_12 dark left\">\n\t<div style=\"\" class=\"vc_col-sm-6 wpb_column column_container vc_column_container col padding-5-percent inherit_tablet inherit_phone\" data-using-bg=\"true\" data-bg-cover=\"true\" data-padding-pos=\"all\" data-has-bg-color=\"false\" data-bg-color=\"\" data-bg-opacity=\"1\" data-animation=\"\" data-delay=\"0\" >\n\t\t<div class=\"vc_column-inner\" ><div class=\"column-image-bg-wrap column-bg-layer viewport-desktop\" data-bg-pos=\"center center\" data-bg-animation=\"zoom-out-reveal\" data-bg-overlay=\"false\"><div class=\"inner-wrap\"><div class=\"column-image-bg\" style=\" background-image: url('https:\/\/www.moruzzigroup.it\/wp-content\/uploads\/2024\/04\/land-park-moruzzi2.jpg'); \"><\/div><\/div><\/div>\n\t\t\t<div class=\"wpb_wrapper\">\n\t\t\t\t<div class=\"divider-wrap\" data-alignment=\"default\"><div style=\"height: 300px;\" class=\"divider\"><\/div><\/div>\n\t\t\t<\/div> \n\t\t<\/div>\n\t<\/div> \n\n\t<div  class=\"vc_col-sm-6 wpb_column column_container vc_column_container col padding-2-percent inherit_tablet inherit_phone\"  data-padding-pos=\"top-bottom\" data-has-bg-color=\"false\" data-bg-color=\"\" data-bg-opacity=\"1\" data-animation=\"\" data-delay=\"0\" >\n\t\t<div class=\"vc_column-inner\" >\n\t\t\t<div class=\"wpb_wrapper\">\n\t\t\t\t<div class=\"nectar-split-heading\" data-align=\"default\" data-m-align=\"inherit\" data-text-effect=\"default\" data-animation-type=\"line-reveal-by-space\" data-animation-delay=\"0\" data-animation-offset=\"\" data-m-rm-animation=\"\" data-stagger=\"\" data-custom-font-size=\"false\" ><h2 style=\"max-width: 450px;\">Le attrazioni del Land Park<\/h2><\/div><div id=\"fws_69f0891e4d77c\" data-midnight=\"\" data-column-margin=\"default\" class=\"wpb_row vc_row-fluid vc_row inner_row\"  style=\"\"><div class=\"row-bg-wrap\"> <div class=\"row-bg\" ><\/div> <\/div><div class=\"row_col_wrap_12_inner col span_12  left\">\n\t<div  class=\"vc_col-sm-12 wpb_column column_container vc_column_container col child_column has-animation no-extra-padding inherit_tablet inherit_phone\"   data-padding-pos=\"all\" data-has-bg-color=\"false\" data-bg-color=\"\" data-bg-opacity=\"1\" data-animation=\"fade-in-from-bottom\" data-delay=\"0\" >\n\t\t<div class=\"vc_column-inner\" >\n\t\t<div class=\"wpb_wrapper\">\n\t\t\t\n<div class=\"wpb_text_column wpb_content_element\" style=\" max-width: 500px; display: inline-block;\">\n\t<div class=\"wpb_wrapper\">\n\t\t<p>Durante i <strong>mesi estivi, il Land Park si anima con l&#8217;installazione di tutte le giostre del Gruppo Moruzzi<\/strong>, trasformandosi in un paradiso del divertimento per cittadini e turisti. Questo non solo offre un&#8217;esperienza memorabile a chi visita Marina di Massa, ma crea anche opportunit\u00e0 di lavoro diretto per pi\u00f9 di 20 persone nella localit\u00e0 e indiretto per altre 40.<\/p>\n<p>Il<strong> Land Park si trova in Via Lungo Friggi Ponente a Marina di Massa<\/strong>, facilmente accessibile e pronto ad accogliere tutti coloro che cercano un mix di divertimento, natura e relax.<\/p>\n<h4><em><strong>Venite a scoprire il fascino unico di questa destinazione unica nel suo genere e lasciatevi trasportare dall&#8217;atmosfera incantevole del Land Park!<\/strong><\/em><\/h4>\n\t<\/div>\n<\/div>\n\n\n\n\n\t\t<\/div> \n\t<\/div>\n\t<\/div> \n<\/div><\/div>\n\t\t\t<\/div> \n\t\t<\/div>\n\t<\/div> \n<\/div><\/div>\n\t\t<div id=\"fws_69f0891e4e064\"  data-column-margin=\"default\" data-midnight=\"dark\"  class=\"wpb_row vc_row-fluid vc_row full-width-content vc_row-o-equal-height vc_row-flex vc_row-o-content-top\"  style=\"padding-top: 0px; padding-bottom: 0px; \"><div class=\"row-bg-wrap\" data-bg-animation=\"none\" data-bg-animation-delay=\"\" data-bg-overlay=\"false\"><div class=\"inner-wrap row-bg-layer\" ><div class=\"row-bg viewport-desktop\"  style=\"\"><\/div><\/div><\/div><div class=\"row_col_wrap_12 col span_12 dark left\">\n\t<div  class=\"vc_col-sm-12 wpb_column column_container vc_column_container col no-extra-padding inherit_tablet inherit_phone\"  data-padding-pos=\"all\" data-has-bg-color=\"false\" data-bg-color=\"\" data-bg-opacity=\"1\" data-animation=\"\" data-delay=\"0\" >\n\t\t<div class=\"vc_column-inner\" >\n\t\t\t<div class=\"wpb_wrapper\">\n\t\t\t\t\n\t<div class=\"wpb_gallery wpb_content_element clearfix\">\n\t\t<div class=\"wpb_wrapper\"><div class=\"wpb_gallery_slidesflickity_style\" data-onclick=\"link_image\" data-interval=\"5\"><div class=\"nectar-flickity not-initialized\"  data-touch-icon-color=\"default\" data-stagger=\"\" data-drag-scale=\"\" data-overflow=\"hidden\" data-wrap=\"wrap\" data-spacing=\"10px\" data-shadow=\"large_depth\" data-autoplay=\"\" data-autoplay-dur=\"\" data-free-scroll=\"\" data-controls=\"material_pagination\" data-desktop-columns=\"5\" data-small-desktop-columns=\"5\" data-tablet-columns=\"3\" data-phone-columns=\"2\"><div class=\"flickity-viewport\"> <div class=\"flickity-slider\"><div class=\"cell\" data-lazy=\"false\"><img decoding=\"async\" class=\"skip-lazy nectar-lazy\" src=\"https:\/\/www.moruzzigroup.it\/wp-content\/uploads\/2024\/04\/galleria-land-park-moruzzi-marina-massa-3-300x225.jpg\" width=\"300\" height=\"225\" alt=\"galleria-land-park-moruzzi-marina-massa-3\" title=\"galleria-land-park-moruzzi-marina-massa-3\" loading=\"lazy\" \/><a class=\"entire-slide-link\"  href=\"https:\/\/www.moruzzigroup.it\/wp-content\/uploads\/2024\/04\/galleria-land-park-moruzzi-marina-massa-3.jpg\"><\/a><\/div><div class=\"cell\" data-lazy=\"false\"><img decoding=\"async\" class=\"skip-lazy nectar-lazy\" src=\"https:\/\/www.moruzzigroup.it\/wp-content\/uploads\/2024\/04\/galleria-land-park-moruzzi-marina-massa-4-300x225.jpg\" width=\"300\" height=\"225\" alt=\"galleria-land-park-moruzzi-marina-massa-4\" title=\"galleria-land-park-moruzzi-marina-massa-4\" loading=\"lazy\" \/><a class=\"entire-slide-link\"  href=\"https:\/\/www.moruzzigroup.it\/wp-content\/uploads\/2024\/04\/galleria-land-park-moruzzi-marina-massa-4.jpg\"><\/a><\/div><div class=\"cell\" data-lazy=\"false\"><img decoding=\"async\" class=\"skip-lazy nectar-lazy\" src=\"https:\/\/www.moruzzigroup.it\/wp-content\/uploads\/2024\/04\/galleria-land-park-moruzzi-marina-massa-8-300x225.jpg\" width=\"300\" height=\"225\" alt=\"galleria-land-park-moruzzi-marina-massa-8\" title=\"galleria-land-park-moruzzi-marina-massa-8\" loading=\"lazy\" \/><a class=\"entire-slide-link\"  href=\"https:\/\/www.moruzzigroup.it\/wp-content\/uploads\/2024\/04\/galleria-land-park-moruzzi-marina-massa-8.jpg\"><\/a><\/div><div class=\"cell\" data-lazy=\"false\"><img decoding=\"async\" class=\"skip-lazy nectar-lazy\" src=\"https:\/\/www.moruzzigroup.it\/wp-content\/uploads\/2024\/04\/galleria-land-park-moruzzi-marina-massa-9-300x225.jpg\" width=\"300\" height=\"225\" alt=\"galleria-land-park-moruzzi-marina-massa-9\" title=\"galleria-land-park-moruzzi-marina-massa-9\" loading=\"lazy\" \/><a class=\"entire-slide-link\"  href=\"https:\/\/www.moruzzigroup.it\/wp-content\/uploads\/2024\/04\/galleria-land-park-moruzzi-marina-massa-9.jpg\"><\/a><\/div><div class=\"cell\" data-lazy=\"false\"><img decoding=\"async\" class=\"skip-lazy nectar-lazy\" src=\"https:\/\/www.moruzzigroup.it\/wp-content\/uploads\/2024\/04\/land-park2-moruzzi-group-6-300x225.jpg\" width=\"300\" height=\"225\" alt=\"land-park2-moruzzi-group-6\" title=\"land-park2-moruzzi-group-6\" loading=\"lazy\" \/><a class=\"entire-slide-link\"  href=\"https:\/\/www.moruzzigroup.it\/wp-content\/uploads\/2024\/04\/land-park2-moruzzi-group-6.jpg\"><\/a><\/div><div class=\"cell\" data-lazy=\"false\"><img decoding=\"async\" class=\"skip-lazy nectar-lazy\" src=\"https:\/\/www.moruzzigroup.it\/wp-content\/uploads\/2024\/04\/galleria-land-park-moruzzi-marina-massa-5-300x225.jpg\" width=\"300\" height=\"225\" alt=\"galleria-land-park-moruzzi-marina-massa-5\" title=\"galleria-land-park-moruzzi-marina-massa-5\" loading=\"lazy\" \/><a class=\"entire-slide-link\"  href=\"https:\/\/www.moruzzigroup.it\/wp-content\/uploads\/2024\/04\/galleria-land-park-moruzzi-marina-massa-5.jpg\"><\/a><\/div><div class=\"cell\" data-lazy=\"false\"><img decoding=\"async\" class=\"skip-lazy nectar-lazy\" src=\"https:\/\/www.moruzzigroup.it\/wp-content\/uploads\/2024\/04\/galleria-land-park-moruzzi-marina-massa-6-300x225.jpg\" width=\"300\" height=\"225\" alt=\"galleria-land-park-moruzzi-marina-massa-6\" title=\"galleria-land-park-moruzzi-marina-massa-6\" loading=\"lazy\" \/><a class=\"entire-slide-link\"  href=\"https:\/\/www.moruzzigroup.it\/wp-content\/uploads\/2024\/04\/galleria-land-park-moruzzi-marina-massa-6.jpg\"><\/a><\/div><div class=\"cell\" data-lazy=\"false\"><img decoding=\"async\" class=\"skip-lazy nectar-lazy\" src=\"https:\/\/www.moruzzigroup.it\/wp-content\/uploads\/2024\/04\/galleria-land-park-moruzzi-marina-massa-7-300x225.jpg\" width=\"300\" height=\"225\" alt=\"galleria-land-park-moruzzi-marina-massa-7\" title=\"galleria-land-park-moruzzi-marina-massa-7\" loading=\"lazy\" \/><a class=\"entire-slide-link\"  href=\"https:\/\/www.moruzzigroup.it\/wp-content\/uploads\/2024\/04\/galleria-land-park-moruzzi-marina-massa-7.jpg\"><\/a><\/div><div class=\"cell\" data-lazy=\"false\"><img decoding=\"async\" class=\"skip-lazy nectar-lazy\" src=\"https:\/\/www.moruzzigroup.it\/wp-content\/uploads\/2024\/04\/galleria-land-park-moruzzi-marina-massa-1-300x225.jpg\" width=\"300\" height=\"225\" alt=\"galleria-land-park-moruzzi-marina-massa-1\" title=\"galleria-land-park-moruzzi-marina-massa-1\" loading=\"lazy\" \/><a class=\"entire-slide-link\"  href=\"https:\/\/www.moruzzigroup.it\/wp-content\/uploads\/2024\/04\/galleria-land-park-moruzzi-marina-massa-1.jpg\"><\/a><\/div><div class=\"cell\" data-lazy=\"false\"><img decoding=\"async\" class=\"skip-lazy nectar-lazy\" src=\"https:\/\/www.moruzzigroup.it\/wp-content\/uploads\/2024\/04\/galleria-land-park-moruzzi-marina-massa-2-300x225.jpg\" width=\"300\" height=\"225\" alt=\"galleria-land-park-moruzzi-marina-massa-2\" title=\"galleria-land-park-moruzzi-marina-massa-2\" loading=\"lazy\" \/><a class=\"entire-slide-link\"  href=\"https:\/\/www.moruzzigroup.it\/wp-content\/uploads\/2024\/04\/galleria-land-park-moruzzi-marina-massa-2.jpg\"><\/a><\/div><div class=\"cell\" data-lazy=\"false\"><img decoding=\"async\" class=\"skip-lazy nectar-lazy\" src=\"https:\/\/www.moruzzigroup.it\/wp-content\/uploads\/2024\/04\/galleria-land-park-moruzzi-marina-massa-10-300x225.jpg\" width=\"300\" height=\"225\" alt=\"galleria-land-park-moruzzi-marina-massa-10\" title=\"galleria-land-park-moruzzi-marina-massa-10\" loading=\"lazy\" \/><a class=\"entire-slide-link\"  href=\"https:\/\/www.moruzzigroup.it\/wp-content\/uploads\/2024\/04\/galleria-land-park-moruzzi-marina-massa-10.jpg\"><\/a><\/div><div class=\"cell\" data-lazy=\"false\"><img decoding=\"async\" class=\"skip-lazy nectar-lazy\" src=\"https:\/\/www.moruzzigroup.it\/wp-content\/uploads\/2024\/04\/land-park2-moruzzi-group-4-300x225.jpg\" width=\"300\" height=\"225\" alt=\"land-park2-moruzzi-group-4\" title=\"land-park2-moruzzi-group-4\" loading=\"lazy\" \/><a class=\"entire-slide-link\"  href=\"https:\/\/www.moruzzigroup.it\/wp-content\/uploads\/2024\/04\/land-park2-moruzzi-group-4.jpg\"><\/a><\/div><div class=\"cell\" data-lazy=\"false\"><img decoding=\"async\" class=\"skip-lazy nectar-lazy\" src=\"https:\/\/www.moruzzigroup.it\/wp-content\/uploads\/2024\/04\/land-park2-moruzzi-group-3-300x225.jpg\" width=\"300\" height=\"225\" alt=\"land-park2-moruzzi-group-3\" title=\"land-park2-moruzzi-group-3\" loading=\"lazy\" \/><a class=\"entire-slide-link\"  href=\"https:\/\/www.moruzzigroup.it\/wp-content\/uploads\/2024\/04\/land-park2-moruzzi-group-3.jpg\"><\/a><\/div><div class=\"cell\" data-lazy=\"false\"><img decoding=\"async\" class=\"skip-lazy nectar-lazy\" src=\"https:\/\/www.moruzzigroup.it\/wp-content\/uploads\/2024\/04\/land-park2-moruzzi-group-2-300x225.jpg\" width=\"300\" height=\"225\" alt=\"land-park2-moruzzi-group-2\" title=\"land-park2-moruzzi-group-2\" loading=\"lazy\" \/><a class=\"entire-slide-link\"  href=\"https:\/\/www.moruzzigroup.it\/wp-content\/uploads\/2024\/04\/land-park2-moruzzi-group-2.jpg\"><\/a><\/div><\/div><\/div><\/div><\/div>\n\t\t<\/div> \n\t<\/div> \n\t\t\t<\/div> \n\t\t<\/div>\n\t<\/div> \n<\/div><\/div>\n\t\t<div id=\"fws_69f0891e54026\"  data-column-margin=\"none\" data-midnight=\"light\" data-nectar-animated-gradient-settings=\"{&quot;color_1&quot;:&quot;#233caf&quot;,&quot;color_2&quot;:&quot;&quot;,&quot;speed&quot;:&quot;850&quot;,&quot;blending_mode&quot;:&quot;linear&quot;}\"  class=\"wpb_row vc_row-fluid vc_row full-width-content vc_row-o-equal-height vc_row-flex vc_row-o-content-top  zindex-set\"  style=\"padding-top: 0px; padding-bottom: 0px;  z-index: 1;\"><div class=\"row-bg-wrap has-animated-gradient\" data-bg-animation=\"none\" data-bg-animation-delay=\"\" data-bg-overlay=\"false\"><div class=\"inner-wrap row-bg-layer\" ><div class=\"row-bg viewport-desktop using-bg-color\"  style=\"background-color: #0a0a0a; \"><\/div><\/div><\/div><div class=\"row_col_wrap_12 col span_12 light left\">\n\t<div  class=\"vc_col-sm-12 wpb_column column_container vc_column_container col no-extra-padding column_position_static el_spacing_5px inherit_tablet inherit_phone\"  data-padding-pos=\"all\" data-has-bg-color=\"false\" data-bg-color=\"\" data-bg-opacity=\"1\" data-animation=\"\" data-delay=\"0\" >\n\t\t<div class=\"vc_column-inner\" >\n\t\t\t<div class=\"wpb_wrapper\">\n\t\t\t\t<div id=\"fws_69f0891e546f6\" data-midnight=\"\" data-column-margin=\"default\" class=\"wpb_row vc_row-fluid vc_row inner_row  top_padding_tablet_30pct bottom_padding_tablet_25pct right_padding_phone_12pct left_padding_phone_12pct\"  style=\"padding-top: 5%; padding-bottom: 5%; \"><div class=\"row-bg-wrap\"> <div class=\"row-bg\" ><\/div> <\/div><div class=\"row_col_wrap_12_inner col span_12  left\">\n\t<div  class=\"vc_col-sm-3 vc_hidden-sm vc_hidden-xs wpb_column column_container vc_column_container col child_column centered-text no-extra-padding inherit_tablet inherit_phone\"   data-padding-pos=\"all\" data-has-bg-color=\"false\" data-bg-color=\"\" data-bg-opacity=\"1\" data-animation=\"\" data-delay=\"0\" >\n\t\t<div class=\"vc_column-inner\" >\n\t\t<div class=\"wpb_wrapper\">\n\t\t\t\n\t\t<\/div> \n\t<\/div>\n\t<\/div> \n\n\t<div  class=\"vc_col-sm-6 wpb_column column_container vc_column_container col child_column centered-text no-extra-padding inherit_tablet inherit_phone\"   data-padding-pos=\"all\" data-has-bg-color=\"false\" data-bg-color=\"\" data-bg-opacity=\"1\" data-animation=\"\" data-delay=\"0\" >\n\t\t<div class=\"vc_column-inner\" >\n\t\t<div class=\"wpb_wrapper\">\n\t\t\t<div class=\"nectar-highlighted-text font_size_phone_8vw\" data-style=\"scribble\" data-exp=\"default\" data-using-custom-color=\"false\" data-animation-delay=\"false\" data-color=\"\" data-color-gradient=\"\" style=\"\"><h2>Contattaci per ricevere informazioni sul noleggio delle nostre giostre <strong><em>per i Tuoi Eventi<svg class=\"nectar-scribble squiggle-underline-2\" role=\"presentation\" viewbox=\"-320 -70.8161 640.4 59.82\" preserveaspectratio=\"none\"><path style=\"animation-duration: 1.8s;\" d=\"M-300,-56 C-50,-72 298,-65 300,-59 C332,-53 -239,-36 -255,-27 C-271,-18 -88,-24 91,-20\" stroke=\"#ffffff\" pathlength=\"1\" stroke-width=\"4.4444444444444\" fill=\"none\"\/><\/svg><\/em><\/strong><\/h2>\n<\/div><div class=\"divider-wrap\" data-alignment=\"default\"><div style=\"height: 40px;\" class=\"divider\"><\/div><\/div><div class=\"nectar-cta  hover_color_f4f4f4 alignment_tablet_default alignment_phone_default display_tablet_inherit display_phone_inherit\" data-color=\"white\" data-using-bg=\"true\" data-style=\"text-reveal-wave\" data-display=\"block\" data-alignment=\"center\" data-text-color=\"custom\" ><span style=\"color: #000000;\" class=\"nectar-button-type\"><span class=\"link_wrap\" style=\"padding-top: 12px; padding-right: 35px; padding-bottom: 12px; padding-left: 35px;\"><a  class=\"link_text\" role=\"button\" href=\"https:\/\/www.moruzzigroup.it\/en\/contatti\/\"><span class=\"text\"><span class=\"char\">C<\/span><span class=\"char\">O<\/span><span class=\"char\">N<\/span><span class=\"char\">T<\/span><span class=\"char\">A<\/span><span class=\"char\">T<\/span><span class=\"char\">T<\/span><span class=\"char\">A<\/span><span class=\"char\">C<\/span><span class=\"char\">I<\/span> <span class=\"char\">O<\/span><span class=\"char\">R<\/span><span class=\"char\">A<\/span><span class=\"char\">!<\/span><\/span><\/a><\/span><\/span><\/div>\n\t\t<\/div> \n\t<\/div>\n\t<\/div> \n\n\t<div  class=\"vc_col-sm-3 vc_hidden-sm vc_hidden-xs wpb_column column_container vc_column_container col child_column no-extra-padding inherit_tablet inherit_phone\"   data-padding-pos=\"all\" data-has-bg-color=\"false\" data-bg-color=\"\" data-bg-opacity=\"1\" data-animation=\"\" data-delay=\"0\" >\n\t\t<div class=\"vc_column-inner\" >\n\t\t<div class=\"wpb_wrapper\">\n\t\t\t\n\t\t<\/div> \n\t<\/div>\n\t<\/div> \n<\/div><\/div>\n\t\t\t<\/div> \n\t\t<\/div>\n\t<\/div> \n<\/div><\/div>","protected":false},"excerpt":{"rendered":"Benvenuti al Land ParkUn'oasi di divertimento e natura a Marina di Massa! Una Nuova Avventura Il Gruppo Moruzzi ha intrapreso una nuova avventura, acquistando la terra dell'ex Parco dei Conigli...","protected":false},"author":2,"featured_media":0,"parent":0,"menu_order":0,"comment_status":"closed","ping_status":"closed","template":"","meta":{"footnotes":""},"class_list":["post-1257","page","type-page","status-publish"],"_links":{"self":[{"href":"https:\/\/www.moruzzigroup.it\/en\/wp-json\/wp\/v2\/pages\/1257","targetHints":{"allow":["GET"]}}],"collection":[{"href":"https:\/\/www.moruzzigroup.it\/en\/wp-json\/wp\/v2\/pages"}],"about":[{"href":"https:\/\/www.moruzzigroup.it\/en\/wp-json\/wp\/v2\/types\/page"}],"author":[{"embeddable":true,"href":"https:\/\/www.moruzzigroup.it\/en\/wp-json\/wp\/v2\/users\/2"}],"replies":[{"embeddable":true,"href":"https:\/\/www.moruzzigroup.it\/en\/wp-json\/wp\/v2\/comments?post=1257"}],"version-history":[{"count":5,"href":"https:\/\/www.moruzzigroup.it\/en\/wp-json\/wp\/v2\/pages\/1257\/revisions"}],"predecessor-version":[{"id":1303,"href":"https:\/\/www.moruzzigroup.it\/en\/wp-json\/wp\/v2\/pages\/1257\/revisions\/1303"}],"wp:attachment":[{"href":"https:\/\/www.moruzzigroup.it\/en\/wp-json\/wp\/v2\/media?parent=1257"}],"curies":[{"name":"wp","href":"https:\/\/api.w.org\/{rel}","templated":true}]}}